{"id":1967,"date":"2024-06-30T01:00:17","date_gmt":"2024-06-30T01:00:17","guid":{"rendered":"https:\/\/stradamiel.com\/?post_type=product&#038;p=1967"},"modified":"2024-10-03T19:48:00","modified_gmt":"2024-10-03T23:48:00","slug":"pro-pol-bee-250-ml","status":"publish","type":"product","link":"https:\/\/stradamiel.com\/?product=pro-pol-bee-250-ml","title":{"rendered":"Pro-Pol-Bee 250 mL"},"content":{"rendered":"<p>Revitaliza tu cuerpo y esp\u00edritu con nuestro Jarabe Herbal de Miel y Prop\u00f3leo, una sinergia perfecta de ingredientes naturales dise\u00f1ada para fortalecer tu bienestar general. Este jarabe \u00fanico combina la dulzura de la miel pura, las propiedades curativas del prop\u00f3leo y una selecci\u00f3n exclusiva de hierbas beneficiosas para crear un remedio potente y delicioso.<\/p>\n<p><strong>Caracter\u00edsticas y Beneficios:<\/strong><\/p>\n<ul>\n<li><strong>Miel Pura:<\/strong> Nuestra miel es 100% natural y recolectada de manera sostenible, proporcionando un dulzor perfecto y beneficios antioxidantes naturales.<\/li>\n<li><strong>Prop\u00f3leo de Abejas:<\/strong> Conocido por sus incre\u00edbles propiedades antibacterianas y antivirales, el prop\u00f3leo ayuda a reforzar el sistema inmunol\u00f3gico.<\/li>\n<li><strong>Mezcla Herbal Exclusiva:<\/strong> Cada botella contiene una cuidadosa selecci\u00f3n de hierbas que promueven la salud, incluyendo equin\u00e1cea, menta y tomillo, conocidas por sus efectos positivos en la respiraci\u00f3n y la relajaci\u00f3n.<\/li>\n<\/ul>\n<p><strong>Ideal para:<\/strong><\/p>\n<ul>\n<li>Aliviar s\u00edntomas del resfriado y mejorar la inmunidad.<\/li>\n<li>Proporcionar un confort calmante para gargantas irritadas.<\/li>\n<li>Servir como un relajante natural antes de dormir o durante periodos de estr\u00e9s.<\/li>\n<\/ul>\n<p><strong>C\u00f3mo Usarlo:<\/strong> Toma una cucharada directamente o mezcla con agua caliente o t\u00e9 para disfrutar de una bebida reconfortante. Su f\u00f3rmula vers\u00e1til tambi\u00e9n lo hace perfecto como complemento en recetas que requieran un toque dulce y herbal.<\/p>\n<p><strong>Compromiso con la Calidad:<\/strong> Nuestro jarabe est\u00e1 elaborado sin aditivos artificiales ni conservantes. Es el resultado de un meticuloso proceso que asegura la conservaci\u00f3n de todas las propiedades naturales de sus componentes.<\/p>\n<p>Dale a tu cuerpo el impulso que merece con nuestro Jarabe Herbal de Miel y Prop\u00f3leo. Ya sea para comenzar el d\u00eda con energ\u00eda o para una noche de descanso reparador, es el complemento perfecto para cualquier momento que requiera un extra de cuidado natural.<\/p>\n","protected":false},"excerpt":{"rendered":"<p>Pro-Pol-Bee 250 mL<\/p>\n","protected":false},"featured_media":1968,"template":"","meta":{"nf_dc_page":""},"product_brand":[],"product_cat":[66],"product_tag":[116,118,117,115,119,120,121,122,123,124,125,126,127,128,129],"class_list":{"0":"post-1967","1":"product","2":"type-product","3":"status-publish","4":"has-post-thumbnail","6":"product_cat-specialty-honey","7":"product_tag-comprar-polen-en-mexico","8":"product_tag-comprar-polen-en-mexico-por-internet","9":"product_tag-comprar-polen-online","10":"product_tag-comprar-polen-puro","11":"product_tag-donde-comprar-polen-puro-y-natural","12":"product_tag-polen","13":"product_tag-polen-de-abeja","14":"product_tag-polen-de-abeja-180-g","15":"product_tag-polen-de-abeja-natural","16":"product_tag-polen-de-abeja-puro","17":"product_tag-polen-para-alimento","18":"product_tag-polen-saludable","19":"product_tag-propiedades-del-polen","20":"product_tag-venta-de-polen-natural","21":"product_tag-venta-de-polen-por-internet","22":"pif-has-gallery","24":"first","25":"instock","26":"shipping-taxable","27":"purchasable","28":"product-type-simple"},"_links":{"self":[{"href":"https:\/\/stradamiel.com\/index.php?rest_route=\/wp\/v2\/product\/1967","targetHints":{"allow":["GET"]}}],"collection":[{"href":"https:\/\/stradamiel.com\/index.php?rest_route=\/wp\/v2\/product"}],"about":[{"href":"https:\/\/stradamiel.com\/index.php?rest_route=\/wp\/v2\/types\/product"}],"wp:featuredmedia":[{"embeddable":true,"href":"https:\/\/stradamiel.com\/index.php?rest_route=\/wp\/v2\/media\/1968"}],"wp:attachment":[{"href":"https:\/\/stradamiel.com\/index.php?rest_route=%2Fwp%2Fv2%2Fmedia&parent=1967"}],"wp:term":[{"taxonomy":"product_brand","embeddable":true,"href":"https:\/\/stradamiel.com\/index.php?rest_route=%2Fwp%2Fv2%2Fproduct_brand&post=1967"},{"taxonomy":"product_cat","embeddable":true,"href":"https:\/\/stradamiel.com\/index.php?rest_route=%2Fwp%2Fv2%2Fproduct_cat&post=1967"},{"taxonomy":"product_tag","embeddable":true,"href":"https:\/\/stradamiel.com\/index.php?rest_route=%2Fwp%2Fv2%2Fproduct_tag&post=1967"}],"curies":[{"name":"wp","href":"https:\/\/api.w.org\/{rel}","templated":true}]}}