{"id":363,"date":"2019-03-06T03:48:41","date_gmt":"2019-03-06T03:48:41","guid":{"rendered":"http:\/\/167.71.215.155\/themes\/ws-sweety\/?page_id=363"},"modified":"2024-03-27T18:46:35","modified_gmt":"2024-03-27T18:46:35","slug":"about-us","status":"publish","type":"page","link":"https:\/\/stradamiel.com\/?page_id=363","title":{"rendered":"About Us"},"content":{"rendered":"\t\t<div data-elementor-type=\"wp-post\" data-elementor-id=\"363\" class=\"elementor elementor-363\">\n\t\t\t\t\t\t<section class=\"elementor-section elementor-top-section elementor-element elementor-element-4cf1242 elementor-section-stretched ws-about elementor-section-boxed elementor-section-height-default elementor-section-height-default\" data-id=\"4cf1242\" data-element_type=\"section\" data-e-type=\"section\" data-settings=\"{&quot;stretch_section&quot;:&quot;section-stretched&quot;,&quot;background_background&quot;:&quot;classic&quot;}\">\n\t\t\t\t\t\t<div class=\"elementor-container elementor-column-gap-default\">\n\t\t\t\t\t<div class=\"elementor-column elementor-col-50 elementor-top-column elementor-element elementor-element-0bbe918 ws-about-content\" data-id=\"0bbe918\" data-element_type=\"column\" data-e-type=\"column\">\n\t\t\t<div class=\"elementor-widget-wrap elementor-element-populated\">\n\t\t\t\t\t\t<div class=\"elementor-element elementor-element-64ac124 elementor-widget elementor-widget-heading\" data-id=\"64ac124\" data-element_type=\"widget\" data-e-type=\"widget\" data-widget_type=\"heading.default\">\n\t\t\t\t<div class=\"elementor-widget-container\">\n\t\t\t\t\t<h2 class=\"elementor-heading-title elementor-size-default\">Strada Miel: Productos de la m\u00e1s alta calidad<\/h2>\t\t\t\t<\/div>\n\t\t\t\t<\/div>\n\t\t\t\t<div class=\"elementor-element elementor-element-2247c09 ws-about-title elementor-widget elementor-widget-heading\" data-id=\"2247c09\" data-element_type=\"widget\" data-e-type=\"widget\" data-widget_type=\"heading.default\">\n\t\t\t\t<div class=\"elementor-widget-container\">\n\t\t\t\t\t<h2 class=\"elementor-heading-title elementor-size-default\">Promoviendo un estilo de Vida Saludable <\/h2>\t\t\t\t<\/div>\n\t\t\t\t<\/div>\n\t\t\t\t<div class=\"elementor-element elementor-element-d989113 elementor-widget elementor-widget-text-editor\" data-id=\"d989113\" data-element_type=\"widget\" data-e-type=\"widget\" data-widget_type=\"text-editor.default\">\n\t\t\t\t<div class=\"elementor-widget-container\">\n\t\t\t\t\t\t\t\t\t<p>Strada Miel es una empresa dedicada a la fabricaci\u00f3n, distribuci\u00f3n y venta de miel pura y productos derivados de la miel, incluyendo infusions de miel y productos cosm\u00e9ticos. Nuestra misi\u00f3n es ofrecer productos de la m\u00e1s alta calidad, aprovechando las propiedades naturales de la miel para promover un estilo de vida saludable y consciente con el medio ambiente.<\/p><p>Foto: Nuestro l\u00edder: Ing. Octavio Estrada<\/p>\t\t\t\t\t\t\t\t<\/div>\n\t\t\t\t<\/div>\n\t\t\t\t<div class=\"elementor-element elementor-element-51cc475 elementor-align-left elementor-widget elementor-widget-button\" data-id=\"51cc475\" data-element_type=\"widget\" data-e-type=\"widget\" data-widget_type=\"button.default\">\n\t\t\t\t<div class=\"elementor-widget-container\">\n\t\t\t\t\t\t\t\t\t<div class=\"elementor-button-wrapper\">\n\t\t\t\t\t<a class=\"elementor-button elementor-button-link elementor-size-sm elementor-animation-wobble-to-top-right\" href=\"?product_cat=honey-products\">\n\t\t\t\t\t\t<span class=\"elementor-button-content-wrapper\">\n\t\t\t\t\t\t\t\t\t<span class=\"elementor-button-text\">Visita nuestra tienda en l\u00ednea<\/span>\n\t\t\t\t\t<\/span>\n\t\t\t\t\t<\/a>\n\t\t\t\t<\/div>\n\t\t\t\t\t\t\t\t<\/div>\n\t\t\t\t<\/div>\n\t\t\t\t\t<\/div>\n\t\t<\/div>\n\t\t\t\t<div class=\"elementor-column elementor-col-50 elementor-top-column elementor-element elementor-element-8b92860\" data-id=\"8b92860\" data-element_type=\"column\" data-e-type=\"column\">\n\t\t\t<div class=\"elementor-widget-wrap elementor-element-populated\">\n\t\t\t\t\t\t<div class=\"elementor-element elementor-element-eb43946 ws-about-img elementor-widget elementor-widget-image\" data-id=\"eb43946\" data-element_type=\"widget\" data-e-type=\"widget\" data-widget_type=\"image.default\">\n\t\t\t\t<div class=\"elementor-widget-container\">\n\t\t\t\t\t\t\t\t\t\t\t\t\t\t\t<img fetchpriority=\"high\" decoding=\"async\" width=\"768\" height=\"1024\" src=\"https:\/\/stradamiel.com\/wp-content\/uploads\/2024\/03\/STRADA-MIEL-OCTAVIO-ESTRADA-APICULTOR-768x1024.png\" class=\"attachment-large size-large wp-image-1671\" alt=\"STRADA MIEL OCTAVIO ESTRADA APICULTOR\" srcset=\"https:\/\/stradamiel.com\/wp-content\/uploads\/2024\/03\/STRADA-MIEL-OCTAVIO-ESTRADA-APICULTOR-768x1024.png 768w, https:\/\/stradamiel.com\/wp-content\/uploads\/2024\/03\/STRADA-MIEL-OCTAVIO-ESTRADA-APICULTOR-300x400.png 300w, https:\/\/stradamiel.com\/wp-content\/uploads\/2024\/03\/STRADA-MIEL-OCTAVIO-ESTRADA-APICULTOR-1152x1536.png 1152w, https:\/\/stradamiel.com\/wp-content\/uploads\/2024\/03\/STRADA-MIEL-OCTAVIO-ESTRADA-APICULTOR-1536x2048.png 1536w, https:\/\/stradamiel.com\/wp-content\/uploads\/2024\/03\/STRADA-MIEL-OCTAVIO-ESTRADA-APICULTOR-1200x1600.png 1200w, https:\/\/stradamiel.com\/wp-content\/uploads\/2024\/03\/STRADA-MIEL-OCTAVIO-ESTRADA-APICULTOR-600x800.png 600w\" sizes=\"(max-width: 768px) 85vw, 768px\" \/>\t\t\t\t\t\t\t\t\t\t\t\t\t\t\t<\/div>\n\t\t\t\t<\/div>\n\t\t\t\t\t<\/div>\n\t\t<\/div>\n\t\t\t\t\t<\/div>\n\t\t<\/section>\n\t\t\t\t<section class=\"elementor-section elementor-top-section elementor-element elementor-element-9ec2957 elementor-section-stretched ws-featured elementor-section-boxed elementor-section-height-default elementor-section-height-default\" data-id=\"9ec2957\" data-element_type=\"section\" data-e-type=\"section\" data-settings=\"{&quot;stretch_section&quot;:&quot;section-stretched&quot;,&quot;background_background&quot;:&quot;classic&quot;}\">\n\t\t\t\t\t\t<div class=\"elementor-container elementor-column-gap-default\">\n\t\t\t\t\t<div class=\"elementor-column elementor-col-100 elementor-top-column elementor-element elementor-element-0c838ae\" data-id=\"0c838ae\" data-element_type=\"column\" data-e-type=\"column\">\n\t\t\t<div class=\"elementor-widget-wrap elementor-element-populated\">\n\t\t\t\t\t\t<div class=\"elementor-element elementor-element-7d621c3 elementor-widget elementor-widget-heading\" data-id=\"7d621c3\" data-element_type=\"widget\" data-e-type=\"widget\" data-widget_type=\"heading.default\">\n\t\t\t\t<div class=\"elementor-widget-container\">\n\t\t\t\t\t<h2 class=\"elementor-heading-title elementor-size-default\">Strada Miel: Una rica herencia desde 1956<\/h2>\t\t\t\t<\/div>\n\t\t\t\t<\/div>\n\t\t\t\t<div class=\"elementor-element elementor-element-0a07ecf elementor-widget elementor-widget-heading\" data-id=\"0a07ecf\" data-element_type=\"widget\" data-e-type=\"widget\" data-widget_type=\"heading.default\">\n\t\t\t\t<div class=\"elementor-widget-container\">\n\t\t\t\t\t<h2 class=\"elementor-heading-title elementor-size-default\">Un legado de Pasi\u00f3n y Compromiso<\/h2>\t\t\t\t<\/div>\n\t\t\t\t<\/div>\n\t\t\t\t\t<\/div>\n\t\t<\/div>\n\t\t\t\t\t<\/div>\n\t\t<\/section>\n\t\t\t\t<section class=\"elementor-section elementor-top-section elementor-element elementor-element-eef950f elementor-section-boxed elementor-section-height-default elementor-section-height-default\" data-id=\"eef950f\" data-element_type=\"section\" data-e-type=\"section\">\n\t\t\t\t\t\t<div class=\"elementor-container elementor-column-gap-default\">\n\t\t\t\t\t<div class=\"elementor-column elementor-col-50 elementor-top-column elementor-element elementor-element-6604131\" data-id=\"6604131\" data-element_type=\"column\" data-e-type=\"column\">\n\t\t\t<div class=\"elementor-widget-wrap elementor-element-populated\">\n\t\t\t\t\t\t<div class=\"elementor-element elementor-element-8f99d49 elementor-widget elementor-widget-image\" data-id=\"8f99d49\" data-element_type=\"widget\" data-e-type=\"widget\" data-widget_type=\"image.default\">\n\t\t\t\t<div class=\"elementor-widget-container\">\n\t\t\t\t\t\t\t\t\t\t\t\t\t\t\t<img decoding=\"async\" width=\"840\" height=\"807\" src=\"https:\/\/stradamiel.com\/wp-content\/uploads\/2024\/03\/STRADA-MIEL-HISTORIA-1024x984.png\" class=\"attachment-large size-large wp-image-1673\" alt=\"\" srcset=\"https:\/\/stradamiel.com\/wp-content\/uploads\/2024\/03\/STRADA-MIEL-HISTORIA-1024x984.png 1024w, https:\/\/stradamiel.com\/wp-content\/uploads\/2024\/03\/STRADA-MIEL-HISTORIA-400x384.png 400w, https:\/\/stradamiel.com\/wp-content\/uploads\/2024\/03\/STRADA-MIEL-HISTORIA-768x738.png 768w, https:\/\/stradamiel.com\/wp-content\/uploads\/2024\/03\/STRADA-MIEL-HISTORIA-1536x1476.png 1536w, https:\/\/stradamiel.com\/wp-content\/uploads\/2024\/03\/STRADA-MIEL-HISTORIA-1200x1153.png 1200w, https:\/\/stradamiel.com\/wp-content\/uploads\/2024\/03\/STRADA-MIEL-HISTORIA-600x576.png 600w, https:\/\/stradamiel.com\/wp-content\/uploads\/2024\/03\/STRADA-MIEL-HISTORIA.png 1600w\" sizes=\"(max-width: 709px) 85vw, (max-width: 909px) 67vw, (max-width: 1362px) 62vw, 840px\" \/>\t\t\t\t\t\t\t\t\t\t\t\t\t\t\t<\/div>\n\t\t\t\t<\/div>\n\t\t\t\t\t<\/div>\n\t\t<\/div>\n\t\t\t\t<div class=\"elementor-column elementor-col-50 elementor-top-column elementor-element elementor-element-89aeb0c\" data-id=\"89aeb0c\" data-element_type=\"column\" data-e-type=\"column\">\n\t\t\t<div class=\"elementor-widget-wrap elementor-element-populated\">\n\t\t\t\t\t\t<div class=\"elementor-element elementor-element-bd48c21 elementor-widget elementor-widget-text-editor\" data-id=\"bd48c21\" data-element_type=\"widget\" data-e-type=\"widget\" data-widget_type=\"text-editor.default\">\n\t\t\t\t<div class=\"elementor-widget-container\">\n\t\t\t\t\t\t\t\t\t<p class=\"MsoNormal\" style=\"text-align: justify; text-justify: inter-ideograph;\">Strada Miel se enorgullece de una rica herencia que comenz\u00f3 en 1956, cuando fu\u00e9 fundada por Don Marino Estrada Landa en Iguala, Guerrero, M\u00e9xico. Don Marino no solo fu\u00e9 un visionario en el \u00e1mbito de la apicultura en nuestro pa\u00eds, sino tambi\u00e9n un pionero que, con su dedicaci\u00f3n y amor por las abejas, sent\u00f3 las bases para lo que hoy es una de las empresas m\u00e1s emblem\u00e1ticas y respetadas en la producci\u00f3n de miel.<\/p><p class=\"MsoNormal\" style=\"text-align: justify; text-justify: inter-ideograph;\">Sin embargo, la historia de Strada Miel no estar\u00eda completa sin reconocer la invaluable contribuci\u00f3n de Do\u00f1a Elena Figueroa, su esposa, quien trabaj\u00f3 incansablemente al lado de Don Marino promoviendo los inmensos beneficios para la salud de la miel. Do\u00f1a Elena, con su pasi\u00f3n y compromiso, fu\u00e9 fundamental en la difusi\u00f3n de la importancia de la apicultura y los productos derivados de la miel, compartiendo con la comunidad los secretos y las virtudes de este oro l\u00edquido hasta el final de sus d\u00edas. Juntos, Don Marino y Do\u00f1a Elena formaron un equipo indomable, cuya labor conjunta no solo enriqueci\u00f3 la industria ap\u00edcola sino que tambi\u00e9n educ\u00f3 a generaciones sobre el valor nutritivo y terap\u00e9utico de la miel.<\/p>\t\t\t\t\t\t\t\t<\/div>\n\t\t\t\t<\/div>\n\t\t\t\t\t<\/div>\n\t\t<\/div>\n\t\t\t\t\t<\/div>\n\t\t<\/section>\n\t\t\t\t<section class=\"elementor-section elementor-top-section elementor-element elementor-element-fe8b237 elementor-section-boxed elementor-section-height-default elementor-section-height-default\" data-id=\"fe8b237\" data-element_type=\"section\" data-e-type=\"section\">\n\t\t\t\t\t\t<div class=\"elementor-container elementor-column-gap-default\">\n\t\t\t\t\t<div class=\"elementor-column elementor-col-50 elementor-top-column elementor-element elementor-element-420b780\" data-id=\"420b780\" data-element_type=\"column\" data-e-type=\"column\">\n\t\t\t<div class=\"elementor-widget-wrap elementor-element-populated\">\n\t\t\t\t\t\t<div class=\"elementor-element elementor-element-b9e84c0 elementor-widget elementor-widget-text-editor\" data-id=\"b9e84c0\" data-element_type=\"widget\" data-e-type=\"widget\" data-widget_type=\"text-editor.default\">\n\t\t\t\t<div class=\"elementor-widget-container\">\n\t\t\t\t\t\t\t\t\t<p>Continuando el legado familiar, su hijo Octavio Estrada Figueroa forma parte crucial de Strada Miel, participando activamente en el renacimiento de la empresa en honor a sus padres. Bajo su liderazgo, Strada Miel no solo ha modernizado sus procesos, sino que tambi\u00e9n ha reafirmado su compromiso con la calidad, la sostenibilidad y la promoci\u00f3n de pr\u00e1cticas ap\u00edcolas responsables. La visi\u00f3n y el esp\u00edritu pionero de Don Marino, as\u00ed como el compromiso y la pasi\u00f3n de Do\u00f1a Elena, contin\u00faan siendo la piedra angular de Strada Miel, asegurando que su legado perdure y florezca para las futuras generaciones.<\/p>\t\t\t\t\t\t\t\t<\/div>\n\t\t\t\t<\/div>\n\t\t\t\t\t<\/div>\n\t\t<\/div>\n\t\t\t\t<div class=\"elementor-column elementor-col-50 elementor-top-column elementor-element elementor-element-018a7b9\" data-id=\"018a7b9\" data-element_type=\"column\" data-e-type=\"column\">\n\t\t\t<div class=\"elementor-widget-wrap elementor-element-populated\">\n\t\t\t\t\t\t<div class=\"elementor-element elementor-element-ea39ef1 elementor-widget elementor-widget-image\" data-id=\"ea39ef1\" data-element_type=\"widget\" data-e-type=\"widget\" data-widget_type=\"image.default\">\n\t\t\t\t<div class=\"elementor-widget-container\">\n\t\t\t\t\t\t\t\t\t\t\t\t\t\t\t<img decoding=\"async\" width=\"840\" height=\"564\" src=\"https:\/\/stradamiel.com\/wp-content\/uploads\/2024\/03\/STRADA-MIEL-HISTORIA-APIARIO-1024x687.png\" class=\"attachment-large size-large wp-image-1674\" alt=\"\" srcset=\"https:\/\/stradamiel.com\/wp-content\/uploads\/2024\/03\/STRADA-MIEL-HISTORIA-APIARIO-1024x687.png 1024w, https:\/\/stradamiel.com\/wp-content\/uploads\/2024\/03\/STRADA-MIEL-HISTORIA-APIARIO-400x268.png 400w, https:\/\/stradamiel.com\/wp-content\/uploads\/2024\/03\/STRADA-MIEL-HISTORIA-APIARIO-768x515.png 768w, https:\/\/stradamiel.com\/wp-content\/uploads\/2024\/03\/STRADA-MIEL-HISTORIA-APIARIO-1536x1030.png 1536w, https:\/\/stradamiel.com\/wp-content\/uploads\/2024\/03\/STRADA-MIEL-HISTORIA-APIARIO-2048x1374.png 2048w, https:\/\/stradamiel.com\/wp-content\/uploads\/2024\/03\/STRADA-MIEL-HISTORIA-APIARIO-1200x805.png 1200w, https:\/\/stradamiel.com\/wp-content\/uploads\/2024\/03\/STRADA-MIEL-HISTORIA-APIARIO-600x403.png 600w\" sizes=\"(max-width: 709px) 85vw, (max-width: 909px) 67vw, (max-width: 1362px) 62vw, 840px\" \/>\t\t\t\t\t\t\t\t\t\t\t\t\t\t\t<\/div>\n\t\t\t\t<\/div>\n\t\t\t\t\t<\/div>\n\t\t<\/div>\n\t\t\t\t\t<\/div>\n\t\t<\/section>\n\t\t\t\t<section class=\"elementor-section elementor-top-section elementor-element elementor-element-10c54bc elementor-section-boxed elementor-section-height-default elementor-section-height-default\" data-id=\"10c54bc\" data-element_type=\"section\" data-e-type=\"section\">\n\t\t\t\t\t\t<div class=\"elementor-container elementor-column-gap-default\">\n\t\t\t\t\t<div class=\"elementor-column elementor-col-50 elementor-top-column elementor-element elementor-element-66c4459\" data-id=\"66c4459\" data-element_type=\"column\" data-e-type=\"column\">\n\t\t\t<div class=\"elementor-widget-wrap elementor-element-populated\">\n\t\t\t\t\t\t<div class=\"elementor-element elementor-element-79cedf0 elementor-widget elementor-widget-image\" data-id=\"79cedf0\" data-element_type=\"widget\" data-e-type=\"widget\" data-widget_type=\"image.default\">\n\t\t\t\t<div class=\"elementor-widget-container\">\n\t\t\t\t\t\t\t\t\t\t\t\t\t\t\t<img loading=\"lazy\" decoding=\"async\" width=\"768\" height=\"1024\" src=\"https:\/\/stradamiel.com\/wp-content\/uploads\/2024\/03\/STRADA-MIEL-HISTORIA-APIARIO-2-768x1024.png\" class=\"attachment-large size-large wp-image-1675\" alt=\"\" srcset=\"https:\/\/stradamiel.com\/wp-content\/uploads\/2024\/03\/STRADA-MIEL-HISTORIA-APIARIO-2-768x1024.png 768w, https:\/\/stradamiel.com\/wp-content\/uploads\/2024\/03\/STRADA-MIEL-HISTORIA-APIARIO-2-300x400.png 300w, https:\/\/stradamiel.com\/wp-content\/uploads\/2024\/03\/STRADA-MIEL-HISTORIA-APIARIO-2-600x800.png 600w, https:\/\/stradamiel.com\/wp-content\/uploads\/2024\/03\/STRADA-MIEL-HISTORIA-APIARIO-2.png 960w\" sizes=\"(max-width: 768px) 85vw, 768px\" \/>\t\t\t\t\t\t\t\t\t\t\t\t\t\t\t<\/div>\n\t\t\t\t<\/div>\n\t\t\t\t\t<\/div>\n\t\t<\/div>\n\t\t\t\t<div class=\"elementor-column elementor-col-50 elementor-top-column elementor-element elementor-element-4693342\" data-id=\"4693342\" data-element_type=\"column\" data-e-type=\"column\">\n\t\t\t<div class=\"elementor-widget-wrap elementor-element-populated\">\n\t\t\t\t\t\t<div class=\"elementor-element elementor-element-457884c elementor-widget elementor-widget-text-editor\" data-id=\"457884c\" data-element_type=\"widget\" data-e-type=\"widget\" data-widget_type=\"text-editor.default\">\n\t\t\t\t<div class=\"elementor-widget-container\">\n\t\t\t\t\t\t\t\t\t<p>Hoy, Strada Miel sigue siendo un s\u00edmbolo de tradici\u00f3n, calidad e innovaci\u00f3n en la apicultura, manteniendo vivo el esp\u00edritu y los valores de sus fundadores. La empresa se enorgullece de su historia y se compromete a seguir siendo un l\u00edder en la industria, contribuyendo al bienestar de las abejas y al equilibrio ecol\u00f3gico, mientras promueve los beneficios de la miel a nivel nacional e internacional.<\/p>\t\t\t\t\t\t\t\t<\/div>\n\t\t\t\t<\/div>\n\t\t\t\t<div class=\"elementor-element elementor-element-2826bc9 elementor-widget elementor-widget-heading\" data-id=\"2826bc9\" data-element_type=\"widget\" data-e-type=\"widget\" data-widget_type=\"heading.default\">\n\t\t\t\t<div class=\"elementor-widget-container\">\n\t\t\t\t\t<h2 class=\"elementor-heading-title elementor-size-default\">Nuestro Compromiso Ambiental<\/h2>\t\t\t\t<\/div>\n\t\t\t\t<\/div>\n\t\t\t\t<div class=\"elementor-element elementor-element-769a1f8 elementor-widget elementor-widget-text-editor\" data-id=\"769a1f8\" data-element_type=\"widget\" data-e-type=\"widget\" data-widget_type=\"text-editor.default\">\n\t\t\t\t<div class=\"elementor-widget-container\">\n\t\t\t\t\t\t\t\t\t<p>En Strada Miel, entendemos que nuestra operaci\u00f3n se encuentra intr\u00ednsecamente ligada al bienestar del medio ambiente, especialmente al ecosistema que sustenta a las abejas. La sostenibilidad y la responsabilidad ambiental son pilares fundamentales en cada aspecto de nuestra actividad, desde la cosecha de miel hasta la producci\u00f3n de derivados.<\/p>\t\t\t\t\t\t\t\t<\/div>\n\t\t\t\t<\/div>\n\t\t\t\t\t<\/div>\n\t\t<\/div>\n\t\t\t\t\t<\/div>\n\t\t<\/section>\n\t\t\t\t<\/div>\n\t\t","protected":false},"excerpt":{"rendered":"<p>Strada Miel: Productos de la m\u00e1s alta calidad Promoviendo un estilo de Vida Saludable Strada Miel es una empresa dedicada a la fabricaci\u00f3n, distribuci\u00f3n y venta de miel pura y productos derivados de la miel, incluyendo infusions de miel y productos cosm\u00e9ticos. Nuestra misi\u00f3n es ofrecer productos de la m\u00e1s alta calidad, aprovechando las propiedades &hellip; <a href=\"https:\/\/stradamiel.com\/?page_id=363\" class=\"more-link\">Continue reading<span class=\"screen-reader-text\"> &#8220;About Us&#8221;<\/span><\/a><\/p>\n","protected":false},"author":4,"featured_media":0,"parent":0,"menu_order":0,"comment_status":"closed","ping_status":"closed","template":"elementor_header_footer","meta":{"nf_dc_page":"","footnotes":""},"class_list":["post-363","page","type-page","status-publish","hentry"],"_links":{"self":[{"href":"https:\/\/stradamiel.com\/index.php?rest_route=\/wp\/v2\/pages\/363","targetHints":{"allow":["GET"]}}],"collection":[{"href":"https:\/\/stradamiel.com\/index.php?rest_route=\/wp\/v2\/pages"}],"about":[{"href":"https:\/\/stradamiel.com\/index.php?rest_route=\/wp\/v2\/types\/page"}],"author":[{"embeddable":true,"href":"https:\/\/stradamiel.com\/index.php?rest_route=\/wp\/v2\/users\/4"}],"replies":[{"embeddable":true,"href":"https:\/\/stradamiel.com\/index.php?rest_route=%2Fwp%2Fv2%2Fcomments&post=363"}],"version-history":[{"count":3,"href":"https:\/\/stradamiel.com\/index.php?rest_route=\/wp\/v2\/pages\/363\/revisions"}],"predecessor-version":[{"id":1678,"href":"https:\/\/stradamiel.com\/index.php?rest_route=\/wp\/v2\/pages\/363\/revisions\/1678"}],"wp:attachment":[{"href":"https:\/\/stradamiel.com\/index.php?rest_route=%2Fwp%2Fv2%2Fmedia&parent=363"}],"curies":[{"name":"wp","href":"https:\/\/api.w.org\/{rel}","templated":true}]}}